{"id":338,"date":"2021-08-04T11:24:25","date_gmt":"2021-08-04T09:24:25","guid":{"rendered":"http:\/\/www.ecophanie.eu\/?page_id=338"},"modified":"2021-08-05T20:29:45","modified_gmt":"2021-08-05T18:29:45","slug":"politique-confidentialite","status":"publish","type":"page","link":"https:\/\/www.ecophanie.eu\/en\/politique-confidentialite\/","title":{"rendered":"Politique de confidentialit\u00e9"},"content":{"rendered":"<div data-elementor-type=\"wp-page\" data-elementor-id=\"338\" class=\"elementor elementor-338\">\n\t\t\t\t\t\t<section class=\"elementor-section elementor-top-section elementor-element elementor-element-a5db819 elementor-section-boxed elementor-section-height-default elementor-section-height-default\" data-id=\"a5db819\" data-element_type=\"section\">\n\t\t\t\t\t\t<div class=\"elementor-container elementor-column-gap-default\">\n\t\t\t\t\t<div class=\"elementor-column elementor-col-100 elementor-top-column elementor-element elementor-element-fda5a72\" data-id=\"fda5a72\" data-element_type=\"column\">\n\t\t\t<div class=\"elementor-widget-wrap elementor-element-populated\">\n\t\t\t\t\t\t<div class=\"elementor-element elementor-element-051ead4 elementor-widget elementor-widget-text-editor\" data-id=\"051ead4\" data-element_type=\"widget\" data-widget_type=\"text-editor.default\">\n\t\t\t\t<div class=\"elementor-widget-container\">\n\t\t\t\t\t\t\t\t\t<h2>Politique de Confidentialit\u00e9<\/h2>\n<h3 id=\"introduction\">Introduction<\/h3>\n<p>Dans le cadre de son activit\u00e9, la soci\u00e9t\u00e9 Ecophanie, dont le si\u00e8ge social est situ\u00e9 au 20 rue Vieille Boucherie &#8211; 64100 Bayonne, est amen\u00e9e \u00e0 collecter et \u00e0 traiter des informations dont certaines sont qualifi\u00e9es de \u00ab\u00a0donn\u00e9es personnelles\u00a0\u00bb. Ecophanie attache une grande importance au respect de la vie priv\u00e9e, et n\u2019utilise que des donnes de mani\u00e8re responsable et confidentielle et dans une finalit\u00e9 pr\u00e9cise.<\/p>\n<h3 id=\"donn-es-personnelles\">Donn\u00e9es personnelles<\/h3>\n<p>Sur le site web www.ecophanie.eu, un seul type de donn\u00e9es est susceptible d\u2019\u00eatre recueilli :<\/p>\n<ul>\n<li><strong>Les donn\u00e9es transmises directement<\/strong><br>Ces donn\u00e9es sont celles que vous nous transmettez directement, via un formulaire de contact ou bien par contact direct par e-mail. Sont obligatoires dans le formulaire de contact le champs \u00ab pr\u00e9nom et nom \u00bb et \u00ab e-mail \u00bb.<\/li>\n<\/ul>\n<h3 id=\"utilisation-des-donn-es\">Utilisation des donn\u00e9es<\/h3>\n<p>Les donn\u00e9es que vous nous transmettez directement sont utilis\u00e9es dans le but de vous re-contacter et\/ou dans le cadre de la demande que vous nous faites. Ces donn\u00e9es sont utilis\u00e9es par Ecophanie, responsable du traitement des donn\u00e9es, et ne seront jamais c\u00e9d\u00e9es \u00e0 un tiers ni utilis\u00e9es \u00e0 d\u2019autres fins que celles d\u00e9taill\u00e9es ci-dessus.<\/p>\n<h3 id=\"base-l-gale\">Base l\u00e9gale<\/h3>\n<p>Les donn\u00e9es personnelles ne sont collect\u00e9es qu\u2019apr\u00e8s consentement obligatoire de l\u2019utilisateur. Ce consentement est valablement recueilli (boutons et cases \u00e0 cocher), libre, clair et sans \u00e9quivoque.<\/p>\n<h3 id=\"dur-e-de-conservation\">Dur\u00e9e de conservation<\/h3>\n<p>Les donn\u00e9es seront sauvegard\u00e9es durant une dur\u00e9e maximale de 3 ans.<\/p>\n<h3 id=\"vos-droits-concernant-les-donn-es-personnelles\">Vos droits concernant les donn\u00e9es personnelles<\/h3>\n<p>Vous avez le droit de consultation, demande de modification ou d\u2019effacement sur l\u2019ensemble de vos donn\u00e9es personnelles. Vous pouvez \u00e9galement retirer votre consentement au traitement de vos donn\u00e9es.<\/p>\n<h3 id=\"contact-d-l-gu-la-protection-des-donn-es\">Contact d\u00e9l\u00e9gu\u00e9 \u00e0 la protection des donn\u00e9es<\/h3>\n<p>Yves Garenne, Ecophanie &#8211; <a href=\"mailto:contact@ecophanie.eu\">contact@ecophanie.eu<\/a><\/p>\t\t\t\t\t\t\t\t<\/div>\n\t\t\t\t<\/div>\n\t\t\t\t\t<\/div>\n\t\t<\/div>\n\t\t\t\t\t<\/div>\n\t\t<\/section>\n\t\t\t\t<\/div>","protected":false},"excerpt":{"rendered":"<p>Politique de Confidentialit\u00e9 Introduction Dans le cadre de son activit\u00e9, la soci\u00e9t\u00e9 Ecophanie, dont le si\u00e8ge social est situ\u00e9 au 20 rue Vieille Boucherie &#8211; 64100 Bayonne, est amen\u00e9e \u00e0 collecter et \u00e0 traiter des informations dont certaines sont qualifi\u00e9es de \u00ab\u00a0donn\u00e9es personnelles\u00a0\u00bb. Ecophanie attache une grande importance au respect de la vie priv\u00e9e, et [&hellip;]<\/p>","protected":false},"author":1,"featured_media":0,"parent":0,"menu_order":0,"comment_status":"closed","ping_status":"closed","template":"","meta":{"footnotes":""},"class_list":["post-338","page","type-page","status-publish","hentry"],"_links":{"self":[{"href":"https:\/\/www.ecophanie.eu\/en\/wp-json\/wp\/v2\/pages\/338","targetHints":{"allow":["GET"]}}],"collection":[{"href":"https:\/\/www.ecophanie.eu\/en\/wp-json\/wp\/v2\/pages"}],"about":[{"href":"https:\/\/www.ecophanie.eu\/en\/wp-json\/wp\/v2\/types\/page"}],"author":[{"embeddable":true,"href":"https:\/\/www.ecophanie.eu\/en\/wp-json\/wp\/v2\/users\/1"}],"replies":[{"embeddable":true,"href":"https:\/\/www.ecophanie.eu\/en\/wp-json\/wp\/v2\/comments?post=338"}],"version-history":[{"count":8,"href":"https:\/\/www.ecophanie.eu\/en\/wp-json\/wp\/v2\/pages\/338\/revisions"}],"predecessor-version":[{"id":380,"href":"https:\/\/www.ecophanie.eu\/en\/wp-json\/wp\/v2\/pages\/338\/revisions\/380"}],"wp:attachment":[{"href":"https:\/\/www.ecophanie.eu\/en\/wp-json\/wp\/v2\/media?parent=338"}],"curies":[{"name":"wp","href":"https:\/\/api.w.org\/{rel}","templated":true}]}}