{"id":141,"date":"2017-04-24T12:45:00","date_gmt":"2017-04-24T10:45:00","guid":{"rendered":"http:\/\/www.ecophanie.eu\/?page_id=141"},"modified":"2017-04-24T13:07:31","modified_gmt":"2017-04-24T11:07:31","slug":"industrie-et-services","status":"publish","type":"page","link":"https:\/\/www.ecophanie.eu\/en\/references\/industrie-et-services\/","title":{"rendered":"Industrie et Services"},"content":{"rendered":"<h3><span style=\"color: #000080;\">Groupes industriels :<\/span><\/h3>\n<ul>\n<li>Safran<\/li>\n<li>La Poste<\/li>\n<li>Leclerc<\/li>\n<li>Groupe SOKOA<\/li>\n<\/ul>\n<h3><span style=\"color: #000080;\">Industrie agro-alimentaire :<\/span><\/h3>\n<ul>\n<li>Groupe Lindt<\/li>\n<li>PME en Aquitaine<\/li>\n<li>Coop\u00e9ratives<\/li>\n<\/ul>\n<h3><span style=\"color: #000080;\">Transport :<\/span><\/h3>\n<ul>\n<li>KEOLIS<\/li>\n<\/ul>\n<h3><span style=\"color: #000080;\">Logement \/ Immobilier :<\/span><\/h3>\n<ul>\n<li>Groupe Cappelli<\/li>\n<li>Soginorpa<\/li>\n<\/ul>\n<h3><span style=\"color: #000080;\">Services :<\/span><\/h3>\n<ul>\n<li>Association Europ\u00e9enne des Directeurs de Communication<\/li>\n<li>Association de soutien aux Agriculteurs en Gironde<\/li>\n<li>Observatoire de la Responsabilit\u00e9 Soci\u00e9tale de l&rsquo;Entreprise (ORSE)<\/li>\n<li>EKOETIK<\/li>\n<li>AFNOR Parcours Crois\u00e9s<\/li>\n<li>ETHIFINANCE<\/li>\n<li>MEDEF40<\/li>\n<\/ul>","protected":false},"excerpt":{"rendered":"<p>Groupes industriels : Safran La Poste Leclerc Groupe SOKOA Industrie agro-alimentaire : Groupe Lindt PME en Aquitaine Coop\u00e9ratives Transport : KEOLIS Logement \/ Immobilier : Groupe Cappelli Soginorpa Services : Association Europ\u00e9enne des Directeurs de Communication Association de soutien aux Agriculteurs en Gironde Observatoire de la Responsabilit\u00e9 Soci\u00e9tale de l&rsquo;Entreprise (ORSE) EKOETIK AFNOR Parcours Crois\u00e9s [&hellip;]<\/p>","protected":false},"author":1,"featured_media":0,"parent":139,"menu_order":0,"comment_status":"closed","ping_status":"closed","template":"","meta":{"footnotes":""},"class_list":["post-141","page","type-page","status-publish","hentry"],"_links":{"self":[{"href":"https:\/\/www.ecophanie.eu\/en\/wp-json\/wp\/v2\/pages\/141","targetHints":{"allow":["GET"]}}],"collection":[{"href":"https:\/\/www.ecophanie.eu\/en\/wp-json\/wp\/v2\/pages"}],"about":[{"href":"https:\/\/www.ecophanie.eu\/en\/wp-json\/wp\/v2\/types\/page"}],"author":[{"embeddable":true,"href":"https:\/\/www.ecophanie.eu\/en\/wp-json\/wp\/v2\/users\/1"}],"replies":[{"embeddable":true,"href":"https:\/\/www.ecophanie.eu\/en\/wp-json\/wp\/v2\/comments?post=141"}],"version-history":[{"count":1,"href":"https:\/\/www.ecophanie.eu\/en\/wp-json\/wp\/v2\/pages\/141\/revisions"}],"predecessor-version":[{"id":142,"href":"https:\/\/www.ecophanie.eu\/en\/wp-json\/wp\/v2\/pages\/141\/revisions\/142"}],"up":[{"embeddable":true,"href":"https:\/\/www.ecophanie.eu\/en\/wp-json\/wp\/v2\/pages\/139"}],"wp:attachment":[{"href":"https:\/\/www.ecophanie.eu\/en\/wp-json\/wp\/v2\/media?parent=141"}],"curies":[{"name":"wp","href":"https:\/\/api.w.org\/{rel}","templated":true}]}}