{"id":135,"date":"2017-04-24T08:16:55","date_gmt":"2017-04-24T06:16:55","guid":{"rendered":"http:\/\/www.ecophanie.eu\/?page_id=135"},"modified":"2017-04-24T13:18:57","modified_gmt":"2017-04-24T11:18:57","slug":"services","status":"publish","type":"page","link":"https:\/\/www.ecophanie.eu\/en\/services\/","title":{"rendered":"Nos Services"},"content":{"rendered":"<h3><span style=\"color: #000080;\">Comprendre \/ Evaluer :<\/span><\/h3>\n<ul>\n<li>Diagnostiquer ou \u00e9valuer la Responsabilit\u00e9 soci\u00e9tale de l&rsquo;organisation<\/li>\n<li>Evaluer formaliser le syst\u00e8me de valeurs<\/li>\n<li>Hi\u00e9rarchiser les enjeux pertinents<\/li>\n<\/ul>\n<h3><span style=\"color: #000080;\">Agir \/ mettre en \u0153uvre :<\/span><\/h3>\n<ul>\n<li>Planifier les actions soci\u00e9tales<\/li>\n<li>Dialoguer avec les parties prenantes S&rsquo;engager<\/li>\n<li>Organiser le retour d&rsquo;exp\u00e9rience<\/li>\n<li>Publier \/ communiquer<\/li>\n<li>Former les acteurs<\/li>\n<li>Concevoir \/ animer \/ piloter des Agenda21<\/li>\n<\/ul>\n<h3><span style=\"color: #000080;\">Piloter \/ mesurer :<\/span><\/h3>\n<ul>\n<li>Mettre \u00e0 jour les syst\u00e8mes de management<\/li>\n<li>Concevoir les indicateurs pertinents<\/li>\n<li>Organiser la l\u00e9gitimit\u00e9 du tableau de bord soci\u00e9tal<\/li>\n<li>Mettre en oeuvre le tableau de bord soci\u00e9tal<\/li>\n<\/ul>\n<p>&nbsp;<\/p>","protected":false},"excerpt":{"rendered":"<p>Comprendre \/ Evaluer : Diagnostiquer ou \u00e9valuer la Responsabilit\u00e9 soci\u00e9tale de l&rsquo;organisation Evaluer formaliser le syst\u00e8me de valeurs Hi\u00e9rarchiser les enjeux pertinents Agir \/ mettre en \u0153uvre : Planifier les actions soci\u00e9tales Dialoguer avec les parties prenantes S&rsquo;engager Organiser le retour d&rsquo;exp\u00e9rience Publier \/ communiquer Former les acteurs Concevoir \/ animer \/ piloter des Agenda21 [&hellip;]<\/p>","protected":false},"author":1,"featured_media":0,"parent":0,"menu_order":0,"comment_status":"closed","ping_status":"closed","template":"","meta":{"footnotes":""},"class_list":["post-135","page","type-page","status-publish","hentry"],"_links":{"self":[{"href":"https:\/\/www.ecophanie.eu\/en\/wp-json\/wp\/v2\/pages\/135","targetHints":{"allow":["GET"]}}],"collection":[{"href":"https:\/\/www.ecophanie.eu\/en\/wp-json\/wp\/v2\/pages"}],"about":[{"href":"https:\/\/www.ecophanie.eu\/en\/wp-json\/wp\/v2\/types\/page"}],"author":[{"embeddable":true,"href":"https:\/\/www.ecophanie.eu\/en\/wp-json\/wp\/v2\/users\/1"}],"replies":[{"embeddable":true,"href":"https:\/\/www.ecophanie.eu\/en\/wp-json\/wp\/v2\/comments?post=135"}],"version-history":[{"count":2,"href":"https:\/\/www.ecophanie.eu\/en\/wp-json\/wp\/v2\/pages\/135\/revisions"}],"predecessor-version":[{"id":172,"href":"https:\/\/www.ecophanie.eu\/en\/wp-json\/wp\/v2\/pages\/135\/revisions\/172"}],"wp:attachment":[{"href":"https:\/\/www.ecophanie.eu\/en\/wp-json\/wp\/v2\/media?parent=135"}],"curies":[{"name":"wp","href":"https:\/\/api.w.org\/{rel}","templated":true}]}}